{"id":1219,"date":"2022-01-31T14:57:11","date_gmt":"2022-01-31T13:57:11","guid":{"rendered":"https:\/\/mazzolen.myhostpoint.ch\/?page_id=1219"},"modified":"2024-02-12T21:10:28","modified_gmt":"2024-02-12T20:10:28","slug":"leva-su-ca-canta-u-gall-2003","status":"publish","type":"page","link":"https:\/\/ventnegru.ch\/de\/leva-su-ca-canta-u-gall-2003\/","title":{"rendered":"Leva su ca canta u gall 2003"},"content":{"rendered":"<p>[vc_row css_animation=&#8220;&#8220; row_type=&#8220;row&#8220; use_row_as_full_screen_section=&#8220;no&#8220; type=&#8220;full_width&#8220; angled_section=&#8220;no&#8220; text_align=&#8220;left&#8220; background_image_as_pattern=&#8220;without_pattern&#8220;][vc_column width=&#8220;1\/6&#8243;][\/vc_column][vc_column width=&#8220;2\/3&#8243;][vc_column_text]<\/p>\n<h4 style=\"text-align: center;\">Leva su ca canta u gall<\/h4>\n<p>[\/vc_column_text]<div class=\"custom_font_holder\" style=\"font-family: alex brush; font-size: 30px; line-height: 26px; font-style: normal; font-weight: 600; color: #2b2b2b; text-decoration: none; text-align: center;\">2003<\/div>[vc_empty_space height=&#8220;20px&#8220;][vc_column_text]<\/p>\n<h3 style=\"text-align: center;\">&#8222;&#8230; Verbindung der Farben, der Phrasierungen, Unisono oder Gegens\u00e4tze der Klangfarben. Viel Poesie und Gro\u00dfz\u00fcgigkeit, mit Schalk und Sensibilit\u00e4t, im Tonfall der Vertraulichkeit und des Teilens &#8230;&#8220;.<\/h3>\n<p>[\/vc_column_text][vc_empty_space height=&#8220;5px&#8220;]<div class=\"custom_font_holder\" style=\" font-size: 15px; line-height: 26px; font-style: normal; font-weight: 300; color: #337e50; text-decoration: none; text-align: center;\">Claude Ribouillault\u00a0(Trad Magazine, Francia)<\/div>[vc_empty_space height=&#8220;80px&#8220;][\/vc_column][vc_column width=&#8220;1\/6&#8243;][\/vc_column][\/vc_row][vc_row css_animation=&#8220;&#8220; row_type=&#8220;row&#8220; use_row_as_full_screen_section=&#8220;no&#8220; type=&#8220;full_width&#8220; angled_section=&#8220;no&#8220; text_align=&#8220;left&#8220; background_image_as_pattern=&#8220;without_pattern&#8220;][vc_column width=&#8220;1\/2&#8243;][vc_single_image image=&#8220;301&#8243; img_size=&#8220;300&#215;300&#8243; alignment=&#8220;right&#8220; qode_css_animation=&#8220;&#8220;][\/vc_column][vc_column width=&#8220;1\/2&#8243;][vc_column_text]01. \u00a0\u00a0 Strambotti<br \/>\n02. \u00a0\u00a0 Sestrina<br \/>\n03. \u00a0\u00a0 Danza d\u2018amore<br \/>\n04. \u00a0\u00a0 Be a ba<br \/>\n05. \u00a0\u00a0 Polca brillante<br \/>\n06. \u00a0\u00a0 La sposa morta<br \/>\n07. \u00a0\u00a0 Moresca nuziale<br \/>\n08. \u00a0\u00a0 Detti<br \/>\n09. \u00a0\u00a0 La politica<br \/>\n10. \u00a0\u00a0 Al mi\u00e9 pup\u00ecn pin\u00ecn pin\u00ecn<br \/>\n11. \u00a0\u00a0 Saltarello di Castel S.Pietro<br \/>\n12. \u00a0\u00a0 La falsa monaca<br \/>\n13. \u00a0\u00a0 Parole di vento<br \/>\n14. \u00a0\u00a0 La l\u00fcna sul Poncione[\/vc_column_text][vc_empty_space height=&#8220;30px&#8220;][vc_column_text]<a href=\"https:\/\/www.youtube.com\/watch?v=f1J-y8Emo88&amp;t=1s\" target=\"_blank\" rel=\"noopener\">Tracks anh\u00f6ren<\/a>[\/vc_column_text][vc_column_text]<\/p>\n<p style=\"text-align: left;\"><em>CD vergriffen<\/em><\/p>\n<p>[\/vc_column_text][\/vc_column][\/vc_row][vc_row css_animation=&#8220;&#8220; row_type=&#8220;row&#8220; use_row_as_full_screen_section=&#8220;no&#8220; type=&#8220;full_width&#8220; angled_section=&#8220;no&#8220; text_align=&#8220;left&#8220; background_image_as_pattern=&#8220;without_pattern&#8220;][vc_column][vc_empty_space height=&#8220;100px&#8220;][\/vc_column][\/vc_row]<\/p>\n","protected":false},"excerpt":{"rendered":"<p>[vc_row css_animation=&#8220;&#8220; row_type=&#8220;row&#8220; use_row_as_full_screen_section=&#8220;no&#8220; type=&#8220;full_width&#8220; angled_section=&#8220;no&#8220; text_align=&#8220;left&#8220; background_image_as_pattern=&#8220;without_pattern&#8220;][vc_column width=&#8220;1\/6&#8243;][\/vc_column][vc_column width=&#8220;2\/3&#8243;][vc_column_text] Leva su ca canta u gall [\/vc_column_text][vc_empty_space height=&#8220;20px&#8220;][vc_column_text] &#8222;&#8230; Verbindung der Farben, der Phrasierungen, Unisono oder Gegens\u00e4tze der Klangfarben. Viel Poesie und Gro\u00dfz\u00fcgigkeit, mit Schalk und Sensibilit\u00e4t, im Tonfall der Vertraulichkeit und des Teilens &#8230;&#8220;&#8230;.<\/p>\n","protected":false},"author":1,"featured_media":0,"parent":0,"menu_order":0,"comment_status":"closed","ping_status":"closed","template":"","meta":{"footnotes":""},"class_list":["post-1219","page","type-page","status-publish","hentry"],"_links":{"self":[{"href":"https:\/\/ventnegru.ch\/de\/wp-json\/wp\/v2\/pages\/1219","targetHints":{"allow":["GET"]}}],"collection":[{"href":"https:\/\/ventnegru.ch\/de\/wp-json\/wp\/v2\/pages"}],"about":[{"href":"https:\/\/ventnegru.ch\/de\/wp-json\/wp\/v2\/types\/page"}],"author":[{"embeddable":true,"href":"https:\/\/ventnegru.ch\/de\/wp-json\/wp\/v2\/users\/1"}],"replies":[{"embeddable":true,"href":"https:\/\/ventnegru.ch\/de\/wp-json\/wp\/v2\/comments?post=1219"}],"version-history":[{"count":1,"href":"https:\/\/ventnegru.ch\/de\/wp-json\/wp\/v2\/pages\/1219\/revisions"}],"predecessor-version":[{"id":2617,"href":"https:\/\/ventnegru.ch\/de\/wp-json\/wp\/v2\/pages\/1219\/revisions\/2617"}],"wp:attachment":[{"href":"https:\/\/ventnegru.ch\/de\/wp-json\/wp\/v2\/media?parent=1219"}],"curies":[{"name":"wp","href":"https:\/\/api.w.org\/{rel}","templated":true}]}}