{"id":1214,"date":"2022-01-31T15:36:48","date_gmt":"2022-01-31T14:36:48","guid":{"rendered":"https:\/\/mazzolen.myhostpoint.ch\/?page_id=1214"},"modified":"2024-02-12T21:14:19","modified_gmt":"2024-02-12T20:14:19","slug":"viaggio-a-betlemme-2008","status":"publish","type":"page","link":"https:\/\/ventnegru.ch\/de\/viaggio-a-betlemme-2008\/","title":{"rendered":"Viaggio a Betlemme 2008"},"content":{"rendered":"<p>[vc_row css_animation=&#8220;&#8220; row_type=&#8220;row&#8220; use_row_as_full_screen_section=&#8220;no&#8220; type=&#8220;full_width&#8220; angled_section=&#8220;no&#8220; text_align=&#8220;left&#8220; background_image_as_pattern=&#8220;without_pattern&#8220;][vc_column width=&#8220;1\/6&#8243;][\/vc_column][vc_column width=&#8220;2\/3&#8243;][vc_column_text]<\/p>\n<h4 style=\"text-align: center;\">Viaggio a Betlemme<\/h4>\n<p>[\/vc_column_text]<div class=\"custom_font_holder\" style=\"font-family: alex brush; font-size: 30px; line-height: 26px; font-style: normal; font-weight: 600; color: #2b2b2b; text-decoration: none; text-align: center;\">2008<\/div>[vc_empty_space height=&#8220;20px&#8220;][vc_column_text]<\/p>\n<h3 style=\"text-align: center;\">&#8222;&#8230; Wie die Bauern kennen die Vent Negru ihre Wurzeln, kultivieren ihre Kunst Tag f\u00fcr Tag, pr\u00e4sentieren ihre besten Fr\u00fcchte auf dem Platz. Dem Publikum bleibt keine andere Wahl, als sie zu genie\u00dfen&#8220;.<\/h3>\n<p>[\/vc_column_text][vc_empty_space height=&#8220;5px&#8220;]<div class=\"custom_font_holder\" style=\" font-size: 15px; line-height: 26px; font-style: normal; font-weight: 300; color: #337e50; text-decoration: none; text-align: center;\">Mauro Marconi<\/div>[vc_empty_space height=&#8220;80px&#8220;][\/vc_column][vc_column width=&#8220;1\/6&#8243;][\/vc_column][\/vc_row][vc_row css_animation=&#8220;&#8220; row_type=&#8220;row&#8220; use_row_as_full_screen_section=&#8220;no&#8220; type=&#8220;full_width&#8220; angled_section=&#8220;no&#8220; text_align=&#8220;left&#8220; background_image_as_pattern=&#8220;without_pattern&#8220;][vc_column width=&#8220;1\/2&#8243;][vc_single_image image=&#8220;303&#8243; img_size=&#8220;300&#215;300&#8243; alignment=&#8220;right&#8220; qode_css_animation=&#8220;&#8220;][\/vc_column][vc_column width=&#8220;1\/2&#8243;][vc_column_text]01.\u00a0\u00a0 Pastorella di Canneto \/ <a href=\"https:\/\/www.youtube.com\/watch?v=OdNpLOkUdjk\" target=\"_blank\" rel=\"noopener\">Demo anh\u00f6ren<\/a><br \/>\n02. \u00a0 Sestrina<br \/>\n03. \u00a0 Danza d\u2018Amore<br \/>\n04.\u00a0\u00a0 Viaggio a Betlemme<br \/>\n05.\u00a0\u00a0 Bagh\u00e8t \/ Nome Dolcissimo \/ Piva, Piva \/ <a href=\"https:\/\/www.youtube.com\/watch?v=nHTiT0tjjO8\" target=\"_blank\" rel=\"noopener\">Demo anh\u00f6ren<\/a><br \/>\n06.\u00a0\u00a0 Nato \u00e8 gi\u00e0 il Bambin G\u00e9su \/ <a href=\"https:\/\/www.youtube.com\/watch?v=6rqWoB8ECfg\" target=\"_blank\" rel=\"noopener\">Demo anh\u00f6ren<\/a><br \/>\n07.\u00a0\u00a0 \u00c8 nato a Betlemme<br \/>\n08.\u00a0\u00a0 Suonata d\u2018Agostino<br \/>\n09.\u00a0\u00a0 Dormi, dormi bel bambin<br \/>\n10.\u00a0\u00a0 Pastorale (largo &#8211; allegro &#8211; largo)<br \/>\n11.\u00a0\u00a0 Cantem Nadal \/ <a href=\"https:\/\/www.youtube.com\/watch?v=aoR7GgIJCsI\" target=\"_blank\" rel=\"noopener\">Demo anh\u00f6ren<\/a><br \/>\n12.\u00a0\u00a0 Suite Gavottes<br \/>\n13.\u00a0\u00a0 Noi siamo i Tre Re \/ <a href=\"https:\/\/www.youtube.com\/watch?v=qMspHzgyYj8\" target=\"_blank\" rel=\"noopener\">Demo anh\u00f6ren<\/a><br \/>\n14.\u00a0\u00a0 Cari signori<br \/>\n15.\u00a0\u00a0 Adeste Fideles[\/vc_column_text][vc_empty_space height=&#8220;20px&#8220;][vc_column_text]<\/p>\n<p style=\"text-align: left;\"><em>CD erh\u00e4ltlich<\/em><\/p>\n<p>[\/vc_column_text][\/vc_column][\/vc_row][vc_row css_animation=&#8220;&#8220; row_type=&#8220;row&#8220; use_row_as_full_screen_section=&#8220;no&#8220; type=&#8220;full_width&#8220; angled_section=&#8220;no&#8220; text_align=&#8220;left&#8220; background_image_as_pattern=&#8220;without_pattern&#8220;][vc_column][vc_empty_space height=&#8220;100px&#8220;][\/vc_column][\/vc_row]<\/p>\n","protected":false},"excerpt":{"rendered":"<p>[vc_row css_animation=&#8220;&#8220; row_type=&#8220;row&#8220; use_row_as_full_screen_section=&#8220;no&#8220; type=&#8220;full_width&#8220; angled_section=&#8220;no&#8220; text_align=&#8220;left&#8220; background_image_as_pattern=&#8220;without_pattern&#8220;][vc_column width=&#8220;1\/6&#8243;][\/vc_column][vc_column width=&#8220;2\/3&#8243;][vc_column_text] Viaggio a Betlemme [\/vc_column_text][vc_empty_space height=&#8220;20px&#8220;][vc_column_text] &#8222;&#8230; Wie die Bauern kennen die Vent Negru ihre Wurzeln, kultivieren ihre Kunst Tag f\u00fcr Tag, pr\u00e4sentieren ihre besten Fr\u00fcchte auf dem Platz. Dem Publikum bleibt keine andere Wahl, als&#8230;<\/p>\n","protected":false},"author":1,"featured_media":0,"parent":0,"menu_order":0,"comment_status":"closed","ping_status":"closed","template":"","meta":{"footnotes":""},"class_list":["post-1214","page","type-page","status-publish","hentry"],"_links":{"self":[{"href":"https:\/\/ventnegru.ch\/de\/wp-json\/wp\/v2\/pages\/1214","targetHints":{"allow":["GET"]}}],"collection":[{"href":"https:\/\/ventnegru.ch\/de\/wp-json\/wp\/v2\/pages"}],"about":[{"href":"https:\/\/ventnegru.ch\/de\/wp-json\/wp\/v2\/types\/page"}],"author":[{"embeddable":true,"href":"https:\/\/ventnegru.ch\/de\/wp-json\/wp\/v2\/users\/1"}],"replies":[{"embeddable":true,"href":"https:\/\/ventnegru.ch\/de\/wp-json\/wp\/v2\/comments?post=1214"}],"version-history":[{"count":5,"href":"https:\/\/ventnegru.ch\/de\/wp-json\/wp\/v2\/pages\/1214\/revisions"}],"predecessor-version":[{"id":2619,"href":"https:\/\/ventnegru.ch\/de\/wp-json\/wp\/v2\/pages\/1214\/revisions\/2619"}],"wp:attachment":[{"href":"https:\/\/ventnegru.ch\/de\/wp-json\/wp\/v2\/media?parent=1214"}],"curies":[{"name":"wp","href":"https:\/\/api.w.org\/{rel}","templated":true}]}}