{"id":1204,"date":"2022-02-09T09:42:37","date_gmt":"2022-02-09T08:42:37","guid":{"rendered":"https:\/\/mazzolen.myhostpoint.ch\/?page_id=1204"},"modified":"2022-03-29T14:48:29","modified_gmt":"2022-03-29T12:48:29","slug":"serenada-2021","status":"publish","type":"page","link":"https:\/\/ventnegru.ch\/de\/serenada-2021\/","title":{"rendered":"Serenada 2021"},"content":{"rendered":"<p>[vc_row css_animation=&#8220;&#8220; row_type=&#8220;row&#8220; use_row_as_full_screen_section=&#8220;no&#8220; type=&#8220;full_width&#8220; angled_section=&#8220;no&#8220; text_align=&#8220;left&#8220; background_image_as_pattern=&#8220;without_pattern&#8220;][vc_column width=&#8220;1\/6&#8243;][\/vc_column][vc_column width=&#8220;2\/3&#8243;][vc_column_text]<\/p>\n<h4 style=\"text-align: center;\">Serenada<\/h4>\n<p>[\/vc_column_text]<div class=\"custom_font_holder\" style=\"font-family: alex brush; font-size: 30px; line-height: 26px; font-style: normal; font-weight: 600; color: #2b2b2b; text-decoration: none; text-align: center;\">2021<\/div>[vc_empty_space height=&#8220;20px&#8220;][vc_column_text]<\/p>\n<h3 style=\"text-align: center;\">&#8222;&#8230; eine wertvolle Arbeit, die stets mit gro\u00dfer Leidenschaft, Ernsthaftigkeit, Bescheidenheit und Aufmerksamkeit ausgef\u00fchrt wird f\u00fcr ein musikalisches Werk, das sich durch Originalit\u00e4t, Feinheit, Detailgenauigkeit und Ausdruckskraft auszeichnet. Vielen Dank, herzliche Gl\u00fcckw\u00fcnsche zu diesem wichtigen Meilenstein und &#8230; ein langes Leben f\u00fcr Vent Negru!&#8220;<\/h3>\n<p>[\/vc_column_text][vc_empty_space height=&#8220;5px&#8220;]<div class=\"custom_font_holder\" style=\" font-size: 15px; line-height: 26px; font-style: normal; font-weight: 300; color: #337e50; text-decoration: none; text-align: center;\">Olivier Bosia<\/div>[vc_empty_space height=&#8220;80px&#8220;][\/vc_column][vc_column width=&#8220;1\/6&#8243;][\/vc_column][\/vc_row][vc_row css_animation=&#8220;&#8220; row_type=&#8220;row&#8220; use_row_as_full_screen_section=&#8220;no&#8220; type=&#8220;full_width&#8220; angled_section=&#8220;no&#8220; text_align=&#8220;left&#8220; background_image_as_pattern=&#8220;without_pattern&#8220;][vc_column width=&#8220;1\/2&#8243;][vc_single_image image=&#8220;488&#8243; img_size=&#8220;300&#215;300&#8243; alignment=&#8220;right&#8220; qode_css_animation=&#8220;&#8220;][\/vc_column][vc_column width=&#8220;1\/2&#8243;][vc_column_text]01.\u00a0\u00a0\u00a0 Valzer dell\u2019Aldo<br \/>\n02. \u00a0\u00a0 L\u2019aria della Garina<br \/>\n03. \u00a0\u00a0 Monfrina dei Ceresa<br \/>\n04. \u00a0\u00a0 Di qua e di l\u00e0 del Piave<br \/>\n05. \u00a0\u00a0 Monetite<br \/>\n06. \u00a0\u00a0 Preghiera della buonanotte<br \/>\n07. \u00a0\u00a0 La s\u00e9nzia d\u2019la sera<br \/>\n08. \u00a0\u00a0 Aria su \u201cLa V\u00e9gia\u201d<br \/>\n09. \u00a0\u00a0 Tun\u00ed l\u2019\u00e8 cioch<br \/>\n10. \u00a0\u00a0 Sabato di sera<br \/>\n11. \u00a0\u00a0 Il cattivo custode<br \/>\n12. \u00a0\u00a0 Giallo di primavera<br \/>\n13. \u00a0\u00a0 Un\u2019altra vita<br \/>\n14. \u00a0\u00a0 Lozz \u2013 funky schbrick<br \/>\n15. \u00a0\u00a0 La povera Cicilia<br \/>\n16. \u00a0\u00a0 Antidotum Tarantulae<br \/>\n17. \u00a0\u00a0 La malmaritata<br \/>\n18. \u00a0\u00a0 Il canto dei contrabbandieri<br \/>\n19. \u00a0\u00a0 La chicchera<br \/>\n20. \u00a0\u00a0 Tus\u00edn Tus\u00e9ta<br \/>\n21. \u00a0\u00a0 Il gobeto Gelsomino<br \/>\n22. \u00a0\u00a0 Monfrina \u201cLungi da me\u2026\u201d<br \/>\n23. \u00a0\u00a0 Che confusione, eppur siam qua![\/vc_column_text][vc_empty_space height=&#8220;20px&#8220;][vc_column_text]<\/p>\n<p style=\"text-align: left;\"><em>CD erh\u00e4ltlich<br \/>\n<\/em><\/p>\n<p>[\/vc_column_text][\/vc_column][\/vc_row][vc_row css_animation=&#8220;&#8220; row_type=&#8220;row&#8220; use_row_as_full_screen_section=&#8220;no&#8220; type=&#8220;full_width&#8220; angled_section=&#8220;no&#8220; text_align=&#8220;left&#8220; background_image_as_pattern=&#8220;without_pattern&#8220;][vc_column][vc_empty_space height=&#8220;100px&#8220;][\/vc_column][\/vc_row]<\/p>\n","protected":false},"excerpt":{"rendered":"<p>[vc_row css_animation=&#8220;&#8220; row_type=&#8220;row&#8220; use_row_as_full_screen_section=&#8220;no&#8220; type=&#8220;full_width&#8220; angled_section=&#8220;no&#8220; text_align=&#8220;left&#8220; background_image_as_pattern=&#8220;without_pattern&#8220;][vc_column width=&#8220;1\/6&#8243;][\/vc_column][vc_column width=&#8220;2\/3&#8243;][vc_column_text] Serenada [\/vc_column_text][vc_empty_space height=&#8220;20px&#8220;][vc_column_text] &#8222;&#8230; eine wertvolle Arbeit, die stets mit gro\u00dfer Leidenschaft, Ernsthaftigkeit, Bescheidenheit und Aufmerksamkeit ausgef\u00fchrt wird f\u00fcr ein musikalisches Werk, das sich durch Originalit\u00e4t, Feinheit, Detailgenauigkeit und Ausdruckskraft auszeichnet. Vielen Dank, herzliche Gl\u00fcckw\u00fcnsche&#8230;<\/p>\n","protected":false},"author":1,"featured_media":0,"parent":0,"menu_order":0,"comment_status":"closed","ping_status":"closed","template":"","meta":{"footnotes":""},"class_list":["post-1204","page","type-page","status-publish","hentry"],"_links":{"self":[{"href":"https:\/\/ventnegru.ch\/de\/wp-json\/wp\/v2\/pages\/1204","targetHints":{"allow":["GET"]}}],"collection":[{"href":"https:\/\/ventnegru.ch\/de\/wp-json\/wp\/v2\/pages"}],"about":[{"href":"https:\/\/ventnegru.ch\/de\/wp-json\/wp\/v2\/types\/page"}],"author":[{"embeddable":true,"href":"https:\/\/ventnegru.ch\/de\/wp-json\/wp\/v2\/users\/1"}],"replies":[{"embeddable":true,"href":"https:\/\/ventnegru.ch\/de\/wp-json\/wp\/v2\/comments?post=1204"}],"version-history":[{"count":1,"href":"https:\/\/ventnegru.ch\/de\/wp-json\/wp\/v2\/pages\/1204\/revisions"}],"predecessor-version":[{"id":1726,"href":"https:\/\/ventnegru.ch\/de\/wp-json\/wp\/v2\/pages\/1204\/revisions\/1726"}],"wp:attachment":[{"href":"https:\/\/ventnegru.ch\/de\/wp-json\/wp\/v2\/media?parent=1204"}],"curies":[{"name":"wp","href":"https:\/\/api.w.org\/{rel}","templated":true}]}}