{"id":1136,"date":"2022-01-24T14:45:53","date_gmt":"2022-01-24T13:45:53","guid":{"rendered":"https:\/\/mazzolen.myhostpoint.ch\/?page_id=1136"},"modified":"2025-06-04T12:38:34","modified_gmt":"2025-06-04T10:38:34","slug":"mattia-mirenda-zusammenarbeiten","status":"publish","type":"page","link":"https:\/\/ventnegru.ch\/de\/mattia-mirenda-zusammenarbeiten\/","title":{"rendered":"Mattia Mirenda Zusammenarbeiten"},"content":{"rendered":"<p>[vc_row css_animation=&#8220;&#8220; row_type=&#8220;row&#8220; use_row_as_full_screen_section=&#8220;no&#8220; type=&#8220;full_width&#8220; angled_section=&#8220;no&#8220; text_align=&#8220;left&#8220; background_image_as_pattern=&#8220;without_pattern&#8220;][vc_column width=&#8220;1\/6&#8243;][\/vc_column][vc_column width=&#8220;2\/3&#8243;][vc_column_text]<\/p>\n<h1 style=\"text-align: center;\">Mattia Mirenda (1991*)<\/h1>\n<p>[\/vc_column_text][vc_empty_space height=&#8220;10px&#8220;][vc_column_text]<\/p>\n<h2 style=\"text-align: center;\">Gesang, Gitarre, Organetto, Mandoline, Handpan &#8222;Blesspan&#8220;<\/h2>\n<p>[\/vc_column_text][vc_empty_space height=&#8220;80px&#8220;][\/vc_column][vc_column width=&#8220;1\/6&#8243;][\/vc_column][\/vc_row][vc_row css_animation=&#8220;&#8220; row_type=&#8220;row&#8220; use_row_as_full_screen_section=&#8220;no&#8220; type=&#8220;full_width&#8220; angled_section=&#8220;no&#8220; text_align=&#8220;left&#8220; background_image_as_pattern=&#8220;without_pattern&#8220;][vc_column width=&#8220;1\/6&#8243;][\/vc_column][vc_column width=&#8220;2\/3&#8243;]<div class=\"custom_font_holder\" style=\" font-size: 25px; line-height: 26px; font-style: normal; font-weight: 500; color: #337e50; text-decoration: none; text-align: left;\">Mattia hat zusammengearbeitet mit:<\/div>[vc_empty_space height=&#8220;30px&#8220;][\/vc_column][vc_column width=&#8220;1\/6&#8243;][\/vc_column][\/vc_row][vc_row css_animation=&#8220;&#8220; row_type=&#8220;row&#8220; use_row_as_full_screen_section=&#8220;no&#8220; type=&#8220;full_width&#8220; angled_section=&#8220;no&#8220; text_align=&#8220;left&#8220; background_image_as_pattern=&#8220;without_pattern&#8220;][vc_column width=&#8220;1\/6&#8243;][\/vc_column][vc_column width=&#8220;2\/3&#8243;]<div class=\"custom_font_holder\" style=\" font-size: 20px; line-height: 26px; font-style: normal; font-weight: 300; color: #337e50; text-decoration: underline; text-align: left;\">Musik:<\/div>[vc_empty_space height=&#8220;10px&#8220;][vc_column_text]- Lolowai (2007-2012)<\/p>\n<p>&#8211; Polvere e Castelli (2011)<\/p>\n<p>&#8211; Malagor\u00e0 (2013-2014)<\/p>\n<p>&#8211; Charlie Roe &amp; the Washing Machine (2014)<\/p>\n<p>&#8211; Mir\u00e9 (dal 2014)<\/p>\n<p>&#8211; Spinning Jamy (2015-2016)<\/p>\n<p>&#8211; La scurd\u00e4ra (dal 2021)<\/p>\n<p>&#8211; Eleonor (2022)[\/vc_column_text][vc_empty_space height=&#8220;30px&#8220;][\/vc_column][vc_column width=&#8220;1\/6&#8243;][\/vc_column][\/vc_row][vc_row css_animation=&#8220;&#8220; row_type=&#8220;row&#8220; use_row_as_full_screen_section=&#8220;no&#8220; type=&#8220;full_width&#8220; angled_section=&#8220;no&#8220; text_align=&#8220;left&#8220; background_image_as_pattern=&#8220;without_pattern&#8220;][vc_column width=&#8220;1\/6&#8243;][\/vc_column][vc_column width=&#8220;2\/3&#8243;]<div class=\"custom_font_holder\" style=\" font-size: 20px; line-height: 26px; font-style: normal; font-weight: 300; color: #337e50; text-decoration: underline; text-align: left;\">Filmmusik:<\/div>[vc_empty_space height=&#8220;10px&#8220;][vc_column_text]- \u201c\u2026e stanno a guardare\u201d f\u00fcr den Film &#8222;Il giro del mondo in 80 minuti&#8220; von Francesco Lubinu (2015)[\/vc_column_text][vc_empty_space height=&#8220;30px&#8220;][\/vc_column][vc_column width=&#8220;1\/6&#8243;][\/vc_column][\/vc_row][vc_row css_animation=&#8220;&#8220; row_type=&#8220;row&#8220; use_row_as_full_screen_section=&#8220;no&#8220; type=&#8220;full_width&#8220; angled_section=&#8220;no&#8220; text_align=&#8220;left&#8220; background_image_as_pattern=&#8220;without_pattern&#8220;][vc_column width=&#8220;1\/6&#8243;][\/vc_column][vc_column width=&#8220;2\/3&#8243;]<div class=\"custom_font_holder\" style=\" font-size: 20px; line-height: 26px; font-style: normal; font-weight: 300; color: #337e50; text-decoration: underline; text-align: left;\">Aktivit\u00e4ten:<\/div>[vc_empty_space height=&#8220;10px&#8220;][vc_column_text]- Einf\u00fchrung Handpan (&#8222;Hang&#8220;) f\u00fcr Klassen der Mittelschulen in Lugano (Juni 2017)<\/p>\n<p>&#8211; Einf\u00fchrung Organetto f\u00fcr die Klassen der Mittelschulen in Agno (November 2017)<\/p>\n<p>&#8211; Musiker im Team &#8222;Projekt <a href=\"https:\/\/terravecchia.org\/\" target=\"_blank\" rel=\"noopener\">Kulturdorf Terra Vecchia<\/a>&#8220; (2021, 2022)<\/p>\n<p>&#8211; Pro Senectute Tagesst\u00e4tte &#8222;Ancora&#8220; Faido, Gr\u00fcnder des Volksliederchores <em>Coro Gh\u00e8rz <\/em>(ab 2021)<\/p>\n<p>&#8211; SRG SSR-Projekt &#8222;<a href=\"https:\/\/www.youtube.com\/watch?app=desktop&amp;v=iSyUMVFldRE\" target=\"_blank\" rel=\"noopener\">Jeunes Talents Suisses<\/a>&#8222;, Alpent\u00f6ne Altdorf (2023)<\/p>\n<p>&#8211; RSI Schweizer Radio und Fernsehen f\u00fcr den Dokumentarfilm &#8222;<a href=\"https:\/\/www.rsi.ch\/play\/tv\/paganini\/video\/addio-lugano-bella?urn=urn:rsi:video:1999581\" target=\"_blank\" rel=\"noopener\">Addio Lugano bella<\/a>&#8220; von Fabio De Luca, Sendung &#8222;Paganini&#8220; (2023)[\/vc_column_text][vc_empty_space height=&#8220;30px&#8220;][\/vc_column][vc_column width=&#8220;1\/6&#8243;][\/vc_column][\/vc_row][vc_row css_animation=&#8220;&#8220; row_type=&#8220;row&#8220; use_row_as_full_screen_section=&#8220;no&#8220; type=&#8220;full_width&#8220; angled_section=&#8220;no&#8220; text_align=&#8220;left&#8220; background_image_as_pattern=&#8220;without_pattern&#8220;][vc_column width=&#8220;1\/6&#8243;][\/vc_column][vc_column width=&#8220;2\/3&#8243;][vc_empty_space height=&#8220;100px&#8220;][\/vc_column][vc_column width=&#8220;1\/6&#8243;][\/vc_column][\/vc_row]<\/p>\n","protected":false},"excerpt":{"rendered":"<p>[vc_row css_animation=&#8220;&#8220; row_type=&#8220;row&#8220; use_row_as_full_screen_section=&#8220;no&#8220; type=&#8220;full_width&#8220; angled_section=&#8220;no&#8220; text_align=&#8220;left&#8220; background_image_as_pattern=&#8220;without_pattern&#8220;][vc_column width=&#8220;1\/6&#8243;][\/vc_column][vc_column width=&#8220;2\/3&#8243;][vc_column_text] Mattia Mirenda (1991*) [\/vc_column_text][vc_empty_space height=&#8220;10px&#8220;][vc_column_text] Gesang, Gitarre, Organetto, Mandoline, Handpan &#8222;Blesspan&#8220; [\/vc_column_text][vc_empty_space height=&#8220;80px&#8220;][\/vc_column][vc_column width=&#8220;1\/6&#8243;][\/vc_column][\/vc_row][vc_row css_animation=&#8220;&#8220; row_type=&#8220;row&#8220; use_row_as_full_screen_section=&#8220;no&#8220; type=&#8220;full_width&#8220; angled_section=&#8220;no&#8220; text_align=&#8220;left&#8220; background_image_as_pattern=&#8220;without_pattern&#8220;][vc_column width=&#8220;1\/6&#8243;][\/vc_column][vc_column width=&#8220;2\/3&#8243;][vc_empty_space height=&#8220;30px&#8220;][\/vc_column][vc_column width=&#8220;1\/6&#8243;][\/vc_column][\/vc_row][vc_row css_animation=&#8220;&#8220; row_type=&#8220;row&#8220; use_row_as_full_screen_section=&#8220;no&#8220; type=&#8220;full_width&#8220; angled_section=&#8220;no&#8220; text_align=&#8220;left&#8220; background_image_as_pattern=&#8220;without_pattern&#8220;][vc_column width=&#8220;1\/6&#8243;][\/vc_column][vc_column width=&#8220;2\/3&#8243;][vc_empty_space height=&#8220;10px&#8220;][vc_column_text]-&#8230;<\/p>\n","protected":false},"author":1,"featured_media":0,"parent":0,"menu_order":0,"comment_status":"closed","ping_status":"closed","template":"full_width.php","meta":{"footnotes":""},"class_list":["post-1136","page","type-page","status-publish","hentry"],"_links":{"self":[{"href":"https:\/\/ventnegru.ch\/de\/wp-json\/wp\/v2\/pages\/1136","targetHints":{"allow":["GET"]}}],"collection":[{"href":"https:\/\/ventnegru.ch\/de\/wp-json\/wp\/v2\/pages"}],"about":[{"href":"https:\/\/ventnegru.ch\/de\/wp-json\/wp\/v2\/types\/page"}],"author":[{"embeddable":true,"href":"https:\/\/ventnegru.ch\/de\/wp-json\/wp\/v2\/users\/1"}],"replies":[{"embeddable":true,"href":"https:\/\/ventnegru.ch\/de\/wp-json\/wp\/v2\/comments?post=1136"}],"version-history":[{"count":11,"href":"https:\/\/ventnegru.ch\/de\/wp-json\/wp\/v2\/pages\/1136\/revisions"}],"predecessor-version":[{"id":2979,"href":"https:\/\/ventnegru.ch\/de\/wp-json\/wp\/v2\/pages\/1136\/revisions\/2979"}],"wp:attachment":[{"href":"https:\/\/ventnegru.ch\/de\/wp-json\/wp\/v2\/media?parent=1136"}],"curies":[{"name":"wp","href":"https:\/\/api.w.org\/{rel}","templated":true}]}}