{"id":1133,"date":"2022-01-24T14:39:12","date_gmt":"2022-01-24T13:39:12","guid":{"rendered":"https:\/\/mazzolen.myhostpoint.ch\/?page_id=1133"},"modified":"2025-03-05T14:55:14","modified_gmt":"2025-03-05T13:55:14","slug":"esther-rietschin-zusammenarbeiten","status":"publish","type":"page","link":"https:\/\/ventnegru.ch\/de\/esther-rietschin-zusammenarbeiten\/","title":{"rendered":"Esther Rietschin Zusammenarbeiten"},"content":{"rendered":"<p>[vc_row css_animation=&#8220;&#8220; row_type=&#8220;row&#8220; use_row_as_full_screen_section=&#8220;no&#8220; type=&#8220;full_width&#8220; angled_section=&#8220;no&#8220; text_align=&#8220;left&#8220; background_image_as_pattern=&#8220;without_pattern&#8220;][vc_column width=&#8220;1\/6&#8243;][\/vc_column][vc_column width=&#8220;2\/3&#8243;][vc_column_text]<\/p>\n<h1 style=\"text-align: center;\">Esther Rietschin (1953*)<\/h1>\n<p>[\/vc_column_text][vc_empty_space height=&#8220;10px&#8220;][vc_column_text]<\/p>\n<h2 style=\"text-align: center;\">Gesang, Alt-und Sopransaxophon, Akkordeon, Blockfl\u00f6ten, Piva, Okarina und Perkussion<\/h2>\n<p>[\/vc_column_text][vc_empty_space height=&#8220;80px&#8220;][\/vc_column][vc_column width=&#8220;1\/6&#8243;][\/vc_column][\/vc_row][vc_row css_animation=&#8220;&#8220; row_type=&#8220;row&#8220; use_row_as_full_screen_section=&#8220;no&#8220; type=&#8220;full_width&#8220; angled_section=&#8220;no&#8220; text_align=&#8220;left&#8220; background_image_as_pattern=&#8220;without_pattern&#8220;][vc_column width=&#8220;1\/6&#8243;][\/vc_column][vc_column width=&#8220;2\/3&#8243;]<div class=\"custom_font_holder\" style=\" font-size: 25px; line-height: 26px; font-style: normal; font-weight: 500; color: #337e50; text-decoration: none; text-align: left;\">Esther hat zusammen gearbeitet mit:<\/div>[vc_empty_space height=&#8220;30px&#8220;][\/vc_column][vc_column width=&#8220;1\/6&#8243;][\/vc_column][\/vc_row][vc_row css_animation=&#8220;&#8220; row_type=&#8220;row&#8220; use_row_as_full_screen_section=&#8220;no&#8220; type=&#8220;full_width&#8220; angled_section=&#8220;no&#8220; text_align=&#8220;left&#8220; background_image_as_pattern=&#8220;without_pattern&#8220;][vc_column width=&#8220;1\/6&#8243;][\/vc_column][vc_column width=&#8220;2\/3&#8243;]<div class=\"custom_font_holder\" style=\" font-size: 20px; line-height: 26px; font-style: normal; font-weight: 300; color: #337e50; text-decoration: underline; text-align: left;\">B\u00fchnenmusik:<\/div>[vc_empty_space height=&#8220;10px&#8220;][vc_column_text]- Philippe Mentha f\u00fcr &#8222;Les Fourberies de Scapin&#8220; von Moli\u00e8re (1983) und &#8222;Les Dialogues d&#8217;Exil\u00e9s&#8220; von B. Brecht (1989) am Th\u00e9atre Kl\u00e9ber-M\u00e9leau, Lausanne<\/p>\n<p>&#8211; Th\u00e9\u00e2tre Kl\u00e9ber-M\u00e9leau, Lausanne f\u00fcr &#8222;Il Campiello&#8220; von C. Goldoni, Regie Philippe Mentha (2000)[\/vc_column_text][vc_empty_space height=&#8220;30px&#8220;][\/vc_column][vc_column width=&#8220;1\/6&#8243;][\/vc_column][\/vc_row][vc_row css_animation=&#8220;&#8220; row_type=&#8220;row&#8220; use_row_as_full_screen_section=&#8220;no&#8220; type=&#8220;full_width&#8220; angled_section=&#8220;no&#8220; text_align=&#8220;left&#8220; background_image_as_pattern=&#8220;without_pattern&#8220;][vc_column width=&#8220;1\/6&#8243;][\/vc_column][vc_column width=&#8220;2\/3&#8243;]<div class=\"custom_font_holder\" style=\" font-size: 20px; line-height: 26px; font-style: normal; font-weight: 300; color: #337e50; text-decoration: underline; text-align: left;\">Theater-Musik-Choreographie:<\/div>[vc_empty_space height=&#8220;10px&#8220;][vc_column_text]- Compagnia Teatro Dimitri, Verscio: Richard Weber f\u00fcr &#8222;Boulevard du Temple&#8220; (1983), Dimitri f\u00fcr &#8222;Il Drago Mangiafragole&#8220; (1983) und &#8222;Ma non fate stupidate&#8220; (1984), Hans Peter Fitzi f\u00fcr &#8222;Capitombola&#8220; (1985), Basler Theater, basel sinfonietta (Dir. Jost Meier) und Dimitri f\u00fcr &#8222;L&#8217;Histoire du Soldat&#8220; von Strawinski\/Ramuz\/Matter (1986)<\/p>\n<p>&#8211; Compagnia Teatro Paravento, Locarno: Miguel A. Cienfuegos f\u00fcr &#8222;Dan Auta&#8220; (1990) und &#8222;Il Compleanno della Signora&#8220; (1991), Alessandro Marchetti f\u00fcr &#8222;La Compagnia Cavalier Rivalta prova: Arlecchino, Servitore di due Padroni&#8220; von C. Goldoni (1992)[\/vc_column_text][vc_empty_space height=&#8220;30px&#8220;][\/vc_column][vc_column width=&#8220;1\/6&#8243;][\/vc_column][\/vc_row][vc_row css_animation=&#8220;&#8220; row_type=&#8220;row&#8220; use_row_as_full_screen_section=&#8220;no&#8220; type=&#8220;full_width&#8220; angled_section=&#8220;no&#8220; text_align=&#8220;left&#8220; background_image_as_pattern=&#8220;without_pattern&#8220;][vc_column width=&#8220;1\/6&#8243;][\/vc_column][vc_column width=&#8220;2\/3&#8243;]<div class=\"custom_font_holder\" style=\" font-size: 20px; line-height: 26px; font-style: normal; font-weight: 300; color: #337e50; text-decoration: underline; text-align: left;\">Choreographie:<\/div>[vc_empty_space height=&#8220;10px&#8220;][vc_column_text]- Ursina Gregori und Markus Zohner f\u00fcr &#8222;Palpitation&#8220; (1987), Regie: Alessandro Marchetti[\/vc_column_text][vc_empty_space height=&#8220;30px&#8220;][\/vc_column][vc_column width=&#8220;1\/6&#8243;][\/vc_column][\/vc_row][vc_row css_animation=&#8220;&#8220; row_type=&#8220;row&#8220; use_row_as_full_screen_section=&#8220;no&#8220; type=&#8220;full_width&#8220; angled_section=&#8220;no&#8220; text_align=&#8220;left&#8220; background_image_as_pattern=&#8220;without_pattern&#8220;][vc_column width=&#8220;1\/6&#8243;][\/vc_column][vc_column width=&#8220;2\/3&#8243;]<div class=\"custom_font_holder\" style=\" font-size: 20px; line-height: 26px; font-style: normal; font-weight: 300; color: #337e50; text-decoration: underline; text-align: left;\">Akrobatik-Choreographie:<\/div>[vc_empty_space height=&#8220;10px&#8220;][vc_column_text]- Dieter L\u00f6bach f\u00fcr &#8222;Die gel\u00e4hmte Akrobatin&#8220; in &#8222;M\u00e9lodies du Malheur&#8220; von Jer\u00f4me Savary (1987), Stadttheather Aachen (D)[\/vc_column_text][vc_empty_space height=&#8220;30px&#8220;][\/vc_column][vc_column width=&#8220;1\/6&#8243;][\/vc_column][\/vc_row][vc_row css_animation=&#8220;&#8220; row_type=&#8220;row&#8220; use_row_as_full_screen_section=&#8220;no&#8220; type=&#8220;full_width&#8220; angled_section=&#8220;no&#8220; text_align=&#8220;left&#8220; background_image_as_pattern=&#8220;without_pattern&#8220;][vc_column width=&#8220;1\/6&#8243;][\/vc_column][vc_column width=&#8220;2\/3&#8243;]<div class=\"custom_font_holder\" style=\" font-size: 20px; line-height: 26px; font-style: normal; font-weight: 300; color: #337e50; text-decoration: underline; text-align: left;\">Bewegung-Choreographie:<\/div>[vc_empty_space height=&#8220;10px&#8220;][vc_column_text]- Andreas Prohaska f\u00fcr &#8222;Die Hamletmaschine&#8220; von Heiner M\u00fcller mit der Musik von Wolfgang Rihm (1987), Freiburger Theater (D)[\/vc_column_text][vc_empty_space height=&#8220;30px&#8220;][\/vc_column][vc_column width=&#8220;1\/6&#8243;][\/vc_column][\/vc_row][vc_row css_animation=&#8220;&#8220; row_type=&#8220;row&#8220; use_row_as_full_screen_section=&#8220;no&#8220; type=&#8220;full_width&#8220; angled_section=&#8220;no&#8220; text_align=&#8220;left&#8220; background_image_as_pattern=&#8220;without_pattern&#8220;][vc_column width=&#8220;1\/6&#8243;][\/vc_column][vc_column width=&#8220;2\/3&#8243;]<div class=\"custom_font_holder\" style=\" font-size: 20px; line-height: 26px; font-style: normal; font-weight: 300; color: #337e50; text-decoration: underline; text-align: left;\">Pantomime-Choreographie:<\/div>[vc_empty_space height=&#8220;10px&#8220;][vc_column_text]- Peter Stolzenberg f\u00fcr &#8222;Biste f\u00fcr, biste gegen&#8230;? Zu Lebzeiten Friedrich Eberts&#8220; (1989), Theater der Stadt Heidelberg (D)[\/vc_column_text][vc_empty_space height=&#8220;30px&#8220;][\/vc_column][vc_column width=&#8220;1\/6&#8243;][\/vc_column][\/vc_row][vc_row css_animation=&#8220;&#8220; row_type=&#8220;row&#8220; use_row_as_full_screen_section=&#8220;no&#8220; type=&#8220;full_width&#8220; angled_section=&#8220;no&#8220; text_align=&#8220;left&#8220; background_image_as_pattern=&#8220;without_pattern&#8220;][vc_column width=&#8220;1\/6&#8243;][\/vc_column][vc_column width=&#8220;2\/3&#8243;]<div class=\"custom_font_holder\" style=\" font-size: 20px; line-height: 26px; font-style: normal; font-weight: 300; color: #337e50; text-decoration: underline; text-align: left;\">Musik:<\/div>[vc_empty_space height=&#8220;10px&#8220;][vc_column_text]- RSI Lugano f\u00fcr die Produktion der CD &#8222;Eternit\u00e0 d&#8217;Am\u00fbr&#8220;, von Vent Negru vertonte Gedichte von Fernando Grignola (2004) und die Co- Produktion der CD &#8222;Viaggio a Betlemme&#8220; (2008)<\/p>\n<p>&#8211; Stimm-Quartett \u201cLa Cantora\u201d mit Elena Fantoni, Mauro Garbani und Maria Grazia Tognetti (2013 &#8211; 2020)<\/p>\n<p>&#8211; Verein &#8222;<a href=\"https:\/\/www.berzona.ch\/amici-di-berzona\">Amici di Berzona<\/a>&#8220; betreffend Wertsch\u00e4tzung und Nutzung der restaurierten Orgel von Carlo Bianchini in der Kirche von S. Rocco und Defendente, Berzona (ab 2023)[\/vc_column_text][vc_empty_space height=&#8220;30px&#8220;][\/vc_column][vc_column width=&#8220;1\/6&#8243;][\/vc_column][\/vc_row][vc_row css_animation=&#8220;&#8220; row_type=&#8220;row&#8220; use_row_as_full_screen_section=&#8220;no&#8220; type=&#8220;full_width&#8220; angled_section=&#8220;no&#8220; text_align=&#8220;left&#8220; background_image_as_pattern=&#8220;without_pattern&#8220;][vc_column width=&#8220;1\/6&#8243;][\/vc_column][vc_column width=&#8220;2\/3&#8243;][vc_empty_space height=&#8220;100px&#8220;][\/vc_column][vc_column width=&#8220;1\/6&#8243;][\/vc_column][\/vc_row]<\/p>\n","protected":false},"excerpt":{"rendered":"<p>[vc_row css_animation=&#8220;&#8220; row_type=&#8220;row&#8220; use_row_as_full_screen_section=&#8220;no&#8220; type=&#8220;full_width&#8220; angled_section=&#8220;no&#8220; text_align=&#8220;left&#8220; background_image_as_pattern=&#8220;without_pattern&#8220;][vc_column width=&#8220;1\/6&#8243;][\/vc_column][vc_column width=&#8220;2\/3&#8243;][vc_column_text] Esther Rietschin (1953*) [\/vc_column_text][vc_empty_space height=&#8220;10px&#8220;][vc_column_text] Gesang, Alt-und Sopransaxophon, Akkordeon, Blockfl\u00f6ten, Piva, Okarina und Perkussion [\/vc_column_text][vc_empty_space height=&#8220;80px&#8220;][\/vc_column][vc_column width=&#8220;1\/6&#8243;][\/vc_column][\/vc_row][vc_row css_animation=&#8220;&#8220; row_type=&#8220;row&#8220; use_row_as_full_screen_section=&#8220;no&#8220; type=&#8220;full_width&#8220; angled_section=&#8220;no&#8220; text_align=&#8220;left&#8220; background_image_as_pattern=&#8220;without_pattern&#8220;][vc_column width=&#8220;1\/6&#8243;][\/vc_column][vc_column width=&#8220;2\/3&#8243;][vc_empty_space height=&#8220;30px&#8220;][\/vc_column][vc_column width=&#8220;1\/6&#8243;][\/vc_column][\/vc_row][vc_row css_animation=&#8220;&#8220; row_type=&#8220;row&#8220; use_row_as_full_screen_section=&#8220;no&#8220; type=&#8220;full_width&#8220; angled_section=&#8220;no&#8220; text_align=&#8220;left&#8220; background_image_as_pattern=&#8220;without_pattern&#8220;][vc_column&#8230;<\/p>\n","protected":false},"author":1,"featured_media":0,"parent":0,"menu_order":0,"comment_status":"closed","ping_status":"closed","template":"full_width.php","meta":{"footnotes":""},"class_list":["post-1133","page","type-page","status-publish","hentry"],"_links":{"self":[{"href":"https:\/\/ventnegru.ch\/de\/wp-json\/wp\/v2\/pages\/1133","targetHints":{"allow":["GET"]}}],"collection":[{"href":"https:\/\/ventnegru.ch\/de\/wp-json\/wp\/v2\/pages"}],"about":[{"href":"https:\/\/ventnegru.ch\/de\/wp-json\/wp\/v2\/types\/page"}],"author":[{"embeddable":true,"href":"https:\/\/ventnegru.ch\/de\/wp-json\/wp\/v2\/users\/1"}],"replies":[{"embeddable":true,"href":"https:\/\/ventnegru.ch\/de\/wp-json\/wp\/v2\/comments?post=1133"}],"version-history":[{"count":6,"href":"https:\/\/ventnegru.ch\/de\/wp-json\/wp\/v2\/pages\/1133\/revisions"}],"predecessor-version":[{"id":2900,"href":"https:\/\/ventnegru.ch\/de\/wp-json\/wp\/v2\/pages\/1133\/revisions\/2900"}],"wp:attachment":[{"href":"https:\/\/ventnegru.ch\/de\/wp-json\/wp\/v2\/media?parent=1133"}],"curies":[{"name":"wp","href":"https:\/\/api.w.org\/{rel}","templated":true}]}}