{"id":1127,"date":"2022-01-24T14:14:15","date_gmt":"2022-01-24T13:14:15","guid":{"rendered":"https:\/\/mazzolen.myhostpoint.ch\/?page_id=1127"},"modified":"2025-03-05T14:56:00","modified_gmt":"2025-03-05T13:56:00","slug":"mauro-garbani-collaborazioni","status":"publish","type":"page","link":"https:\/\/ventnegru.ch\/de\/mauro-garbani-collaborazioni\/","title":{"rendered":"Mauro Garbani zusammengearbeitet"},"content":{"rendered":"<p>[vc_row css_animation=&#8220;&#8220; row_type=&#8220;row&#8220; use_row_as_full_screen_section=&#8220;no&#8220; type=&#8220;full_width&#8220; angled_section=&#8220;no&#8220; text_align=&#8220;left&#8220; background_image_as_pattern=&#8220;without_pattern&#8220;][vc_column width=&#8220;1\/6&#8243;][\/vc_column][vc_column width=&#8220;2\/3&#8243;][vc_column_text]<\/p>\n<h1 style=\"text-align: center;\">Mauro Garbani (1959*)<\/h1>\n<p>[\/vc_column_text][vc_empty_space height=&#8220;10px&#8220;][vc_column_text]<\/p>\n<h2 style=\"text-align: center;\">Gesang, Organetto (diatonisches Akkordeon), Gitarre, Piva (Tessiner Dudelsack) und Okarina (Tonfl\u00f6te)<\/h2>\n<p>[\/vc_column_text][vc_empty_space height=&#8220;80px&#8220;][\/vc_column][vc_column width=&#8220;1\/6&#8243;][\/vc_column][\/vc_row][vc_row css_animation=&#8220;&#8220; row_type=&#8220;row&#8220; use_row_as_full_screen_section=&#8220;no&#8220; type=&#8220;full_width&#8220; angled_section=&#8220;no&#8220; text_align=&#8220;left&#8220; background_image_as_pattern=&#8220;without_pattern&#8220;][vc_column width=&#8220;1\/6&#8243;][\/vc_column][vc_column width=&#8220;2\/3&#8243;]<div class=\"custom_font_holder\" style=\" font-size: 25px; line-height: 26px; font-style: normal; font-weight: 500; color: #337e50; text-decoration: none; text-align: left;\">Mauro hat zusammengearbeitet mit:<\/div>[vc_empty_space height=&#8220;30px&#8220;][\/vc_column][vc_column width=&#8220;1\/6&#8243;][\/vc_column][\/vc_row][vc_row css_animation=&#8220;&#8220; row_type=&#8220;row&#8220; use_row_as_full_screen_section=&#8220;no&#8220; type=&#8220;full_width&#8220; angled_section=&#8220;no&#8220; text_align=&#8220;left&#8220; background_image_as_pattern=&#8220;without_pattern&#8220;][vc_column width=&#8220;1\/6&#8243;][\/vc_column][vc_column width=&#8220;2\/3&#8243;]<div class=\"custom_font_holder\" style=\" font-size: 20px; line-height: 26px; font-style: normal; font-weight: 300; color: #337e50; text-decoration: underline; text-align: left;\">Schreinerei, B\u00fchnenbild,Technik:<\/div>[vc_empty_space height=&#8220;10px&#8220;][vc_column_text]- Teatro della Svizzera Italiana (1983): Peter Bissegger und Mario Bissegger f\u00fcr &#8222;Omobono e gli Incendiari&#8220; von Max Frisch[\/vc_column_text][vc_empty_space height=&#8220;30px&#8220;][\/vc_column][vc_column width=&#8220;1\/6&#8243;][\/vc_column][\/vc_row][vc_row css_animation=&#8220;&#8220; row_type=&#8220;row&#8220; use_row_as_full_screen_section=&#8220;no&#8220; type=&#8220;full_width&#8220; angled_section=&#8220;no&#8220; text_align=&#8220;left&#8220; background_image_as_pattern=&#8220;without_pattern&#8220;][vc_column width=&#8220;1\/6&#8243;][\/vc_column][vc_column width=&#8220;2\/3&#8243;]<div class=\"custom_font_holder\" style=\" font-size: 20px; line-height: 26px; font-style: normal; font-weight: 300; color: #337e50; text-decoration: underline; text-align: left;\">Musik (Gruppen, Konzerte, Tourn\u00e9es, Aufnahmen, Radio-und TV-Auftritte):<\/div>[vc_empty_space height=&#8220;10px&#8220;][vc_column_text]- Mea d&#8217;Ora (1983-1991): Ilario Garbani-Marcantini, Barbara Bollin, Patrizio Colto, Rolando Gr\u00fctter, Gabriele Martini<\/p>\n<p>&#8211; Lyonesse (1983-1984) Musik aus Frankreich, Quebec und Louisiana: Mireille Ben, Lili Ben und Pietro Bianchi<\/p>\n<p>&#8211; Scuola di Musica Popolare dell&#8216; ACP (Ass. Cultura Pop. V. Verzasca) (1990-1996)<\/p>\n<p>&#8211; Coro Femmminile di Maggia (1989-2013)<\/p>\n<p>&#8211; Kunstmaler Giancarlo Bisi f\u00fcr &#8222;Quasi come se&#8230;&#8220; (1996)<\/p>\n<p>&#8211; RSI Lugano f\u00fcr die Produktion der CD &#8222;Eternit\u00e0 d&#8217;Am\u00fbr&#8220;, von Vent Negru vertonte Gedichte von Fernando Grignola (2004) und f\u00fcr die Co-Produktion der CD &#8222;Viaggio a Betlemme&#8220; (2008)<\/p>\n<p>&#8211; Vincenzo Caglioti im Duo &#8222;Ghamdan\u00e0&#8220; (seit 1993)<\/p>\n<p>&#8211; Giordano Bisi-Giottonini im Duo &#8222;Aria Fina&#8220; (seit 2014)<\/p>\n<p>&#8211; Marco Zappa, Renata Stavrakakis und Ginger Poggi f\u00fcr &#8222;Al temp al passa&#8220; (2011-2012)<\/p>\n<p>&#8211; Quartetto vocale \u201cLa Cantora\u201d mit Elena Fantoni, Esther Rietschin und Maria Grazia Tognetti (2013-2020)<\/p>\n<p>&#8211; Paolo Tomamichel, Sandra Eberle und Peo Mazza f\u00fcr &#8222;Bandastral\u00fcsc&#8220; (2018 &#8211; 2020)<\/p>\n<p>&#8211; Und u.a. mit Dargo Raimondi, Giulio Venier, Roberto Maggini, Giordano Morettini e Stefano Fedele (Duo di Morcote), Mo. Giovanni Galfetti, Stefan Fr\u00fch, Ivo Maggetti &#8230;<\/p>\n<p>&#8211; Haus der Volksmusik Altdorf f\u00fcr die Kurse &#8222;Volksmusik aus Italien &amp; dem Tessin&#8220; (ab 2018)<\/p>\n<p>&#8211; HSLU Luzern Hochschulzentrum f\u00fcr die Kurse &#8222;Tessiner Musik&#8220; (ab 2023)<\/p>\n<p>&#8211; Verein &#8222;<a href=\"https:\/\/www.berzona.ch\/amici-di-berzona\">Amici di Berzona<\/a>&#8220; betreffend Wertsch\u00e4tzung und Nutzung der restaurierten Orgel von Carlo Bianchini in der Kirche von S. Rocco und Defendente, Berzona (ab 2023)<\/p>\n<p>&#8211; RSI Rete Due und Christian Gilardi f\u00fcr die zweiteilige Sendung \u00fcber Tessiner Volksmusik &#8222;Musica dal Ticino&#8230;e dintorni&#8220; in der Reihe &#8222;<a href=\"https:\/\/www.rsi.ch\/rete-due\/programmi\/cultura\/grand-bazaar\/Musica-del-Ticino%E2%80%A6-e-dintorni--1865668.html\">Grand Bazaar<\/a>&#8220; (2023)[\/vc_column_text][vc_empty_space height=&#8220;30px&#8220;][\/vc_column][vc_column width=&#8220;1\/6&#8243;][\/vc_column][\/vc_row][vc_row css_animation=&#8220;&#8220; row_type=&#8220;row&#8220; use_row_as_full_screen_section=&#8220;no&#8220; type=&#8220;full_width&#8220; angled_section=&#8220;no&#8220; text_align=&#8220;left&#8220; background_image_as_pattern=&#8220;without_pattern&#8220;][vc_column width=&#8220;1\/6&#8243;][\/vc_column][vc_column width=&#8220;2\/3&#8243;]<div class=\"custom_font_holder\" style=\" font-size: 20px; line-height: 26px; font-style: normal; font-weight: 300; color: #337e50; text-decoration: underline; text-align: left;\">Theater, Schauspiel, Musik:<\/div>[vc_empty_space height=&#8220;10px&#8220;][vc_column_text]- Compagnia Teatro Paravento, Locarno (1990-1994) f\u00fcr &#8222;Dan Auta&#8220;, &#8222;Il Compleanno della Signora&#8220; von Miguel Angel Cienfuegos, &#8222;La Compagnia Cavalier Rivalta prova Arlecchino, servitore di due padroni&#8220; (C. Goldoni), Regie: Alessandro Marchetti<\/p>\n<p>&#8211; Th\u00e9\u00e2tre Kl\u00e9ber-M\u00e9leau, Lausanne f\u00fcr &#8222;Il Campiello&#8220; von C. Goldoni, Regie Philippe Mentha (2000)<\/p>\n<p>&#8211; Marino Cattaneo f\u00fcr das Theaterst\u00fcck f\u00fcr einen Geschichtens\u00e4nger &#8222;Tortoglio, il Paese scomparso del Malcantone&#8220; frei nach der gleichnamigen Erz\u00e4hlung von Marino Cattaneo (patrocinato dalla Regione Malcantone &#8211; prog. Interreg.3A &#8211; Citt\u00e0 del Castagno, 2003)<\/p>\n<p>&#8211; Teatro dei Fauni Locarno f\u00fcr &#8222;Antenati con le radici&#8220; (2019)[\/vc_column_text][vc_empty_space height=&#8220;30px&#8220;][\/vc_column][vc_column width=&#8220;1\/6&#8243;][\/vc_column][\/vc_row][vc_row css_animation=&#8220;&#8220; row_type=&#8220;row&#8220; use_row_as_full_screen_section=&#8220;no&#8220; type=&#8220;full_width&#8220; angled_section=&#8220;no&#8220; text_align=&#8220;left&#8220; background_image_as_pattern=&#8220;without_pattern&#8220;][vc_column width=&#8220;1\/6&#8243;][\/vc_column][vc_column width=&#8220;2\/3&#8243;]<div class=\"custom_font_holder\" style=\" font-size: 20px; line-height: 26px; font-style: normal; font-weight: 300; color: #337e50; text-decoration: underline; text-align: left;\">Kompositionen B\u00fchnenmusik:<\/div>[vc_empty_space height=&#8220;10px&#8220;][vc_column_text]- Compagnia Teatro Paravento, Locarno f\u00fcr die Theaterst\u00fccke &#8222;Arlecchino vien dal Mare&#8220; (2000), &#8222;Juan Dari\u00e8n&#8220; (2003) und &#8222;Michele e il Cerchio di Gesso&#8220; frei nach Li-Hing Tao und B. Brecht (2007)[\/vc_column_text][vc_empty_space height=&#8220;30px&#8220;][\/vc_column][vc_column width=&#8220;1\/6&#8243;][\/vc_column][\/vc_row][vc_row css_animation=&#8220;&#8220; row_type=&#8220;row&#8220; use_row_as_full_screen_section=&#8220;no&#8220; type=&#8220;full_width&#8220; angled_section=&#8220;no&#8220; text_align=&#8220;left&#8220; background_image_as_pattern=&#8220;without_pattern&#8220;][vc_column width=&#8220;1\/6&#8243;][\/vc_column][vc_column width=&#8220;2\/3&#8243;]<div class=\"custom_font_holder\" style=\" font-size: 20px; line-height: 26px; font-style: normal; font-weight: 300; color: #337e50; text-decoration: underline; text-align: left;\">Beratung B\u00fchnenmusik:<\/div>[vc_empty_space height=&#8220;10px&#8220;][vc_column_text]- Compagnia Teatro Paravento f\u00fcr &#8222;Ruzante &#8211; dietro front&#8220; (2004).<br \/>\n&#8211; Compagnia Nicole &amp; Martin, Losone f\u00fcr &#8222;La fanciulla senza mani&#8220; (2011), &#8222;Gian di Ferro&#8220; (2015) und &#8222;Vasilissa&#8220; (2021)[\/vc_column_text][vc_empty_space height=&#8220;30px&#8220;][\/vc_column][vc_column width=&#8220;1\/6&#8243;][\/vc_column][\/vc_row][vc_row css_animation=&#8220;&#8220; row_type=&#8220;row&#8220; use_row_as_full_screen_section=&#8220;no&#8220; type=&#8220;full_width&#8220; angled_section=&#8220;no&#8220; text_align=&#8220;left&#8220; background_image_as_pattern=&#8220;without_pattern&#8220;][vc_column width=&#8220;1\/6&#8243;][\/vc_column][vc_column width=&#8220;2\/3&#8243;][vc_empty_space height=&#8220;100px&#8220;][\/vc_column][vc_column width=&#8220;1\/6&#8243;][\/vc_column][\/vc_row]<\/p>\n","protected":false},"excerpt":{"rendered":"<p>[vc_row css_animation=&#8220;&#8220; row_type=&#8220;row&#8220; use_row_as_full_screen_section=&#8220;no&#8220; type=&#8220;full_width&#8220; angled_section=&#8220;no&#8220; text_align=&#8220;left&#8220; background_image_as_pattern=&#8220;without_pattern&#8220;][vc_column width=&#8220;1\/6&#8243;][\/vc_column][vc_column width=&#8220;2\/3&#8243;][vc_column_text] Mauro Garbani (1959*) [\/vc_column_text][vc_empty_space height=&#8220;10px&#8220;][vc_column_text] Gesang, Organetto (diatonisches Akkordeon), Gitarre, Piva (Tessiner Dudelsack) und Okarina (Tonfl\u00f6te) [\/vc_column_text][vc_empty_space height=&#8220;80px&#8220;][\/vc_column][vc_column width=&#8220;1\/6&#8243;][\/vc_column][\/vc_row][vc_row css_animation=&#8220;&#8220; row_type=&#8220;row&#8220; use_row_as_full_screen_section=&#8220;no&#8220; type=&#8220;full_width&#8220; angled_section=&#8220;no&#8220; text_align=&#8220;left&#8220; background_image_as_pattern=&#8220;without_pattern&#8220;][vc_column width=&#8220;1\/6&#8243;][\/vc_column][vc_column width=&#8220;2\/3&#8243;][vc_empty_space height=&#8220;30px&#8220;][\/vc_column][vc_column width=&#8220;1\/6&#8243;][\/vc_column][\/vc_row][vc_row css_animation=&#8220;&#8220; row_type=&#8220;row&#8220; use_row_as_full_screen_section=&#8220;no&#8220; type=&#8220;full_width&#8220; angled_section=&#8220;no&#8220;&#8230;<\/p>\n","protected":false},"author":1,"featured_media":0,"parent":0,"menu_order":0,"comment_status":"closed","ping_status":"closed","template":"full_width.php","meta":{"footnotes":""},"class_list":["post-1127","page","type-page","status-publish","hentry"],"_links":{"self":[{"href":"https:\/\/ventnegru.ch\/de\/wp-json\/wp\/v2\/pages\/1127","targetHints":{"allow":["GET"]}}],"collection":[{"href":"https:\/\/ventnegru.ch\/de\/wp-json\/wp\/v2\/pages"}],"about":[{"href":"https:\/\/ventnegru.ch\/de\/wp-json\/wp\/v2\/types\/page"}],"author":[{"embeddable":true,"href":"https:\/\/ventnegru.ch\/de\/wp-json\/wp\/v2\/users\/1"}],"replies":[{"embeddable":true,"href":"https:\/\/ventnegru.ch\/de\/wp-json\/wp\/v2\/comments?post=1127"}],"version-history":[{"count":7,"href":"https:\/\/ventnegru.ch\/de\/wp-json\/wp\/v2\/pages\/1127\/revisions"}],"predecessor-version":[{"id":2901,"href":"https:\/\/ventnegru.ch\/de\/wp-json\/wp\/v2\/pages\/1127\/revisions\/2901"}],"wp:attachment":[{"href":"https:\/\/ventnegru.ch\/de\/wp-json\/wp\/v2\/media?parent=1127"}],"curies":[{"name":"wp","href":"https:\/\/api.w.org\/{rel}","templated":true}]}}