{"id":1121,"date":"2021-12-29T16:46:46","date_gmt":"2021-12-29T15:46:46","guid":{"rendered":"https:\/\/mazzolen.myhostpoint.ch\/?page_id=1121"},"modified":"2025-07-24T13:19:54","modified_gmt":"2025-07-24T11:19:54","slug":"wer-wir-sind","status":"publish","type":"page","link":"https:\/\/ventnegru.ch\/de\/wer-wir-sind\/","title":{"rendered":"Wer wir sind"},"content":{"rendered":"<p>[vc_row css_animation=&#8220;&#8220; row_type=&#8220;row&#8220; use_row_as_full_screen_section=&#8220;no&#8220; type=&#8220;grid&#8220; angled_section=&#8220;no&#8220; text_align=&#8220;left&#8220; background_image_as_pattern=&#8220;without_pattern&#8220; z_index=&#8220;&#8220;][vc_column width=&#8220;1\/6&#8243;][\/vc_column][vc_column width=&#8220;2\/3&#8243;][vc_column_text]<\/p>\n<h1 style=\"text-align: center;\">Wer wir sind<\/h1>\n<p>[\/vc_column_text][vc_column_text]<\/p>\n<h2 style=\"text-align: center;\">Musik aus dem Tessin\u2026 und Umgebung<\/h2>\n<p>[\/vc_column_text][vc_empty_space height=&#8220;30px&#8220;][vc_column_text]<\/p>\n<p style=\"text-align: center;\">Die inspirierende Quelle von Vent Negru, gegr\u00fcndet 1991, ist das reiche Erbe<br \/>\nan Liedern und Instrumentalst\u00fccken der s\u00fcdalpinen Volksmusik,<br \/>\ndie bis heute dank m\u00fcndlicher \u00dcberlieferung und den Aufzeichnungen<br \/>\nder ersten Nachforscher und Sammler erhalten blieb.<br \/>\nDas Trio interpretiert wiederentdeckte, vor dem Vergessen bewahrte alte Balladen,<br \/>\nWiegenlieder, Tanzlieder, Lieder im Stil des &#8222;canto spontaneo&#8220;<br \/>\nund bereichert dieses Repertoire mit neuen von der Tradition inspirierten Kompositionen.<br \/>\nMusik und Erz\u00e4hlen von Geschichten, Kuriosit\u00e4ten und Anekdoten mit dem Wunsch,<br \/>\nden Wert der Tessiner Volkskultur aufzuzeigen und h\u00f6rbar zu machen.<br \/>\nVent Negru spielt bei Anl\u00e4ssen und in Konzerten an den unterschiedlichsten Orten<br \/>\nganz im Stil der Wandermusiker und Geschichtens\u00e4nger aus vergangenen Zeiten.<\/p>\n<p>&nbsp;<\/p>\n<p style=\"text-align: center;\"><strong><span style=\"color: #008000;\">2025 verlieh das Bundesamt f\u00fcr Kultur Vent Negru und Vox Blenii den Schweizer Musikpreis f\u00fcr herausragendes musikalisches Schaffen mit folgender Begr\u00fcndung: &#8222;Sie haben massgeblich zur Erhaltung und Aufwertung des Tessiner Musikkulturerbes beigetragen. Mit ihren Recherchen, Interpretationen und Auff\u00fchrungen halten sie die Tessiner Volksmusik lebendig und machen sie einem breiten Publikum zug\u00e4nglich&#8220;.<\/span><\/strong><\/p>\n<p>[\/vc_column_text][vc_empty_space height=&#8220;100px&#8220;][\/vc_column][vc_column width=&#8220;1\/6&#8243;][\/vc_column][\/vc_row][vc_row css_animation=&#8220;&#8220; row_type=&#8220;row&#8220; use_row_as_full_screen_section=&#8220;no&#8220; type=&#8220;full_width&#8220; angled_section=&#8220;no&#8220; text_align=&#8220;left&#8220; background_image_as_pattern=&#8220;without_pattern&#8220; background_image=&#8220;53&#8243; z_index=&#8220;&#8220;][vc_column][vc_empty_space height=&#8220;500px&#8220;][\/vc_column][\/vc_row][vc_row css_animation=&#8220;&#8220; row_type=&#8220;row&#8220; use_row_as_full_screen_section=&#8220;no&#8220; type=&#8220;grid&#8220; angled_section=&#8220;no&#8220; text_align=&#8220;left&#8220; background_image_as_pattern=&#8220;without_pattern&#8220; z_index=&#8220;&#8220;][vc_column width=&#8220;1\/2&#8243;][vc_empty_space height=&#8220;100px&#8220;][vc_single_image image=&#8220;786&#8243; img_size=&#8220;full&#8220; alignment=&#8220;center&#8220; qode_css_animation=&#8220;&#8220;][vc_empty_space height=&#8220;50px&#8220;][\/vc_column][vc_column width=&#8220;1\/2&#8243;][vc_empty_space height=&#8220;100px&#8220;][vc_column_text]<\/p>\n<h4>Mauro Garbani (1959*)<\/h4>\n<p>[\/vc_column_text][vc_empty_space height=&#8220;10px&#8220;][vc_column_text]<\/p>\n<h2>Gesang, Organetto (diatonisches Akkordeon), Gitarre, Piva (Tessiner Dudelsack) und<br \/>\nOkarina (Tonfl\u00f6te)<\/h2>\n<p>[\/vc_column_text][vc_empty_space height=&#8220;20px&#8220;][vc_column_text]Der Handwerker und K\u00fcnstler stammt aus einer Bergbauernfamilie im Onsernonetal. Lernt autodidaktisch Gitarre und Organetto spielen und beginnt seine musikalische Aktivit\u00e4t in der \u00d6ffentlichkeit als Unterhalter bei lokalen Anl\u00e4ssen und in den Grotti der Umgebung. Die zunehmende Verbreitung kommerzieller Tessiner Folklore, die nichts zu tun hat mit der archaisch-authentischen Musik, mit der er aufgewachsen ist, dr\u00e4ngen ihn und seine Musikerkollegen dazu, die Gruppe Mea d\u2019Ora (1983-91) zu gr\u00fcnden und ethnologisch-musikalische Nachforschungen im Locarnese zu betreiben. 10 Jahre arbeitet er als selbstst\u00e4ndiger Schreiner, dann h\u00e4ngt er 1989 seinen Beruf an den Nagel, um sich ganz der Musik widmen zu k\u00f6nnen. Befasst sich je l\u00e4nger je intensiver mit dem Organetto, auf dem er nach neuen didaktischen L\u00f6sungen und Ausdrucksformen sucht. Erweckt dieses fast vergessene Instrument wieder zu neuem Leben und tr\u00e4gt massgeblich dazu bei, dass das Organetto (Grossvater des Akkordeons) im Tessin wieder gespielt wird. Besucht Kurse an der Accademia di Musica (heute Konservatorium) in Lugano und an der Scuola di Musica Moderna (Schule f\u00fcr Moderne Musik) in Lugano. Ist von 1990-1994 freier Mitarbeiter (B\u00fchnenmusiker und Schauspieler) der Compagnia Teatro Paravento in Locarno, wo er Esther Rietschin kennenlernt. Aus dieser Begegnung entspringt Vent Negru. Seine Leidenschaft f\u00fcr das Organetto l\u00e4sst ihn 2005 die Kurse &#8222;accord\u00e9on: r\u00e9paration et accordage&#8220; am ITEMM &#8211; Institut T\u00e9chnologique Europ\u00e9en des M\u00e9tiers de la Musique in Le Mans (F) besuchen.[\/vc_column_text][vc_empty_space height=&#8220;30px&#8220;][vc_column_text]<\/p>\n<h2><a href=\"https:\/\/ventnegru.ch\/de\/mauro-garbani-collaborazioni\/\">Zusammenarbeit mit:<\/a><\/h2>\n<p>[\/vc_column_text][vc_empty_space height=&#8220;50px&#8220;][\/vc_column][\/vc_row][vc_row css_animation=&#8220;&#8220; row_type=&#8220;row&#8220; use_row_as_full_screen_section=&#8220;no&#8220; type=&#8220;grid&#8220; angled_section=&#8220;no&#8220; text_align=&#8220;left&#8220; background_image_as_pattern=&#8220;without_pattern&#8220; z_index=&#8220;&#8220; background_color=&#8220;#f2f2f2&#8243;][vc_column width=&#8220;1\/2&#8243;][vc_empty_space height=&#8220;100px&#8220;][vc_column_text]<\/p>\n<h4>Esther Rietschin (1953*)<\/h4>\n<p>[\/vc_column_text][vc_empty_space height=&#8220;10px&#8220;][vc_column_text]<\/p>\n<h2>Gesang, Alt-und Sopransaxophon, Akkordeon, Blockfl\u00f6ten, Piva, Okarina und Perkussion<\/h2>\n<p>[\/vc_column_text][vc_empty_space height=&#8220;20px&#8220;][vc_column_text]Stammt aus Basel. Folgt als Kind und Jugendliche einer Basler Tradition: lernt Piccolo spielen und wird aktive Fasn\u00e4chtlerin. Zwischen den Fasnachten und neben der Schule spielt sie Klavier, Orgel und Gitarre, singt und tanzt. Wird Sport-und Gymnastiklehrerin (Ellen Cleve Schule, Kiel 1973-1976), Lehrerin f\u00fcr musikalische Fr\u00fcherziehung (Musik Akademie von Basel 1977-1979) und Schauspielerin f\u00fcr ein Theater, in dem Bewegung und Musik dem gesprochenen Wort gleichgestellt sind (Ecole Jacques Lecoq Paris 1976-1977 und Scuola Teatro Dimitri Verscio 1979-1982). Ist B\u00fchnenmusikerin in zwei Produktionen des Th\u00e9\u00e2tre Kl\u00e9ber-M\u00e9leau in Lausanne und von 1983-1986 Mitglied der Compagnia Teatro Dimitri. Danach freischaffend. Unterrichtet Bewegtes, Musikalisches und Theatralisches. Produziert und spielt 1988-1989 das St\u00fcck f\u00fcr eine Frau &#8222;Mitten in einem Zimmer&#8220; von Luisella Sala unter der Regie von Jordy Haderek. Ist von 1990-1994 freie Mitarbeiterin (Schauspielerin und B\u00fchnenmusikerin) der Compagnia Teatro Paravento in Locarno, wo sie Mauro Garbani kennenlernt. Sie h\u00f6rt eines der letzten Konzerte der Gruppe Mea d&#8217;Ora (1991) und ist tief ber\u00fchrt von dieser f\u00fcr sie bis anhin unbekannten Musik. Das Archaische, das Authentische ist es, was sie ber\u00fchrt, bewegt und interessiert. Seither arbeitet sie mit Leidenschaft zusammen mit Mauro Garbani und Mattia Mirenda an der Erhaltung und Verbreitung der musikalischen Tradition des Tessins und leistet mit ihren Arrangements und Kompositionen einen pers\u00f6nlichen Beitrag. 2023, dank der Restaurierung der Bianchini-Orgel in der Kirche von Berzona-Onsernone, nimmt Esther nach langer Zeit ihre T\u00e4tigkeit als Organistin wieder auf mit der Absicht und dem Wunsch, den Klang der Orgel auch im Kontext der Volksmusik w\u00fcrdigend zu nutzen. Sie arbeitet zusammen mit dem Verein <a href=\"https:\/\/www.berzona.ch\/amici-di-berzona\" target=\"_blank\" rel=\"noopener\">Amici di Berzona<\/a>, um die Nutzung und die Wertsch\u00e4tzung der Bianchini-Orgel mit ihren Eigenschaften und M\u00f6glichkeiten zu garantieren.[\/vc_column_text][vc_empty_space height=&#8220;30px&#8220;][vc_column_text]<\/p>\n<h2><a href=\"https:\/\/ventnegru.ch\/de\/esther-rietschin-zusammenarbeiten\/\">Zusammenarbeit mit:<\/a><\/h2>\n<h2><\/h2>\n<p>[\/vc_column_text][vc_empty_space height=&#8220;50px&#8220;][\/vc_column][vc_column width=&#8220;1\/2&#8243;][vc_empty_space height=&#8220;100px&#8220;][vc_single_image image=&#8220;955&#8243; img_size=&#8220;full&#8220; alignment=&#8220;center&#8220; qode_css_animation=&#8220;&#8220;][vc_empty_space height=&#8220;50px&#8220;][\/vc_column][\/vc_row][vc_row css_animation=&#8220;&#8220; row_type=&#8220;row&#8220; use_row_as_full_screen_section=&#8220;no&#8220; type=&#8220;grid&#8220; angled_section=&#8220;no&#8220; text_align=&#8220;left&#8220; background_image_as_pattern=&#8220;without_pattern&#8220; z_index=&#8220;&#8220;][vc_column width=&#8220;1\/2&#8243;][vc_empty_space height=&#8220;100px&#8220;][vc_single_image image=&#8220;2482&#8243; img_size=&#8220;full&#8220; alignment=&#8220;center&#8220; qode_css_animation=&#8220;&#8220;][vc_empty_space height=&#8220;50px&#8220;][\/vc_column][vc_column width=&#8220;1\/2&#8243;][vc_empty_space height=&#8220;100px&#8220;][vc_column_text]<\/p>\n<h4>Mattia Mirenda (1991*)<\/h4>\n<p>[\/vc_column_text][vc_empty_space height=&#8220;10px&#8220;][vc_column_text]<\/p>\n<h2>Gesang, Gitarre, Organetto, Mandoline,<br \/>\nHandpan &#8222;Blesspan&#8220;<\/h2>\n<p>[\/vc_column_text][vc_empty_space height=&#8220;20px&#8220;][vc_column_text]Ist von Beruf Physiotherapeut und Amateur-Musiker mit Tessiner und San Fratellaner (Sizilien) Wurzeln. Seine Leidenschaft f\u00fcr die Musik entfacht sich in der Primarschule, als sein Lehrer einige Schulstunden der Geschichte des Rocks widmet. 2006 beginnt er Gitarre zu spielen und besucht f\u00fcr kurze Zeit die Scuola di Musica Moderna (SMUM) in Lugano.\u00a0 Dann geht sein musikalisches Selbststudium weiter durch die verschiedensten Stil-Richtungen. Aus seinem pers\u00f6nlichen Folk-Liedermacher-Projekt Mir\u00e9 entsteht 2015 die erste selbstproduzierte CD &#8222;&#8230;realt\u00e0?&#8220;. Parallel zu seinem Musikstudium vertieft und kultiviert er sein Interesse f\u00fcr die eigen kulturellen Wurzeln vor allem im Bereich der Musik. Im Januar 2016 n\u00e4hert er sich dem Organetto, dem diatonischen Akkordeon, und im M\u00e4rz beginnt er bei Mauro Garbani Organetto-Stunden zu nehmen. Im Herbst 2017 startet das Abenteuer mit Vent Negru. Im Fr\u00fchjahr 2019 erlangt er den Master in Musiktherapie am HMI (Helvetic Music Institute) in Bellinzona.[\/vc_column_text][vc_empty_space height=&#8220;30px&#8220;][vc_column_text]<\/p>\n<h2><a href=\"https:\/\/ventnegru.ch\/de\/mattia-mirenda-zusammenarbeiten\/\">Zusammenarbeit mit:<\/a><\/h2>\n<p>[\/vc_column_text][vc_empty_space height=&#8220;50px&#8220;][\/vc_column][\/vc_row][vc_row css_animation=&#8220;&#8220; row_type=&#8220;row&#8220; use_row_as_full_screen_section=&#8220;no&#8220; type=&#8220;full_width&#8220; angled_section=&#8220;no&#8220; text_align=&#8220;left&#8220; background_image_as_pattern=&#8220;without_pattern&#8220;][vc_column][vc_empty_space height=&#8220;100px&#8220;][\/vc_column][\/vc_row]<\/p>\n","protected":false},"excerpt":{"rendered":"<p>[vc_row css_animation=&#8220;&#8220; row_type=&#8220;row&#8220; use_row_as_full_screen_section=&#8220;no&#8220; type=&#8220;grid&#8220; angled_section=&#8220;no&#8220; text_align=&#8220;left&#8220; background_image_as_pattern=&#8220;without_pattern&#8220; z_index=&#8220;&#8220;][vc_column width=&#8220;1\/6&#8243;][\/vc_column][vc_column width=&#8220;2\/3&#8243;][vc_column_text] Wer wir sind [\/vc_column_text][vc_column_text] Musik aus dem Tessin\u2026 und Umgebung [\/vc_column_text][vc_empty_space height=&#8220;30px&#8220;][vc_column_text] Die inspirierende Quelle von Vent Negru, gegr\u00fcndet 1991, ist das reiche Erbe an Liedern und Instrumentalst\u00fccken der s\u00fcdalpinen Volksmusik, die bis heute&#8230;<\/p>\n","protected":false},"author":1,"featured_media":0,"parent":0,"menu_order":0,"comment_status":"closed","ping_status":"closed","template":"full_width.php","meta":{"footnotes":""},"class_list":["post-1121","page","type-page","status-publish","hentry"],"_links":{"self":[{"href":"https:\/\/ventnegru.ch\/de\/wp-json\/wp\/v2\/pages\/1121","targetHints":{"allow":["GET"]}}],"collection":[{"href":"https:\/\/ventnegru.ch\/de\/wp-json\/wp\/v2\/pages"}],"about":[{"href":"https:\/\/ventnegru.ch\/de\/wp-json\/wp\/v2\/types\/page"}],"author":[{"embeddable":true,"href":"https:\/\/ventnegru.ch\/de\/wp-json\/wp\/v2\/users\/1"}],"replies":[{"embeddable":true,"href":"https:\/\/ventnegru.ch\/de\/wp-json\/wp\/v2\/comments?post=1121"}],"version-history":[{"count":17,"href":"https:\/\/ventnegru.ch\/de\/wp-json\/wp\/v2\/pages\/1121\/revisions"}],"predecessor-version":[{"id":3126,"href":"https:\/\/ventnegru.ch\/de\/wp-json\/wp\/v2\/pages\/1121\/revisions\/3126"}],"wp:attachment":[{"href":"https:\/\/ventnegru.ch\/de\/wp-json\/wp\/v2\/media?parent=1121"}],"curies":[{"name":"wp","href":"https:\/\/api.w.org\/{rel}","templated":true}]}}